{"id":633,"date":"2020-01-22T09:16:30","date_gmt":"2020-01-22T07:16:30","guid":{"rendered":"http:\/\/adekva.fi\/wp2020\/?page_id=633"},"modified":"2024-03-14T15:02:27","modified_gmt":"2024-03-14T13:02:27","slug":"tietosuojaseloste","status":"publish","type":"page","link":"https:\/\/adekva.fi\/index.php\/tietosuojaseloste\/","title":{"rendered":"Tietosuojaseloste"},"content":{"rendered":"\t\t<div data-elementor-type=\"wp-page\" data-elementor-id=\"633\" class=\"elementor elementor-633\">\n\t\t\t\t\t\t<section class=\"elementor-section elementor-top-section elementor-element elementor-element-42b7346 elementor-section-stretched elementor-section-full_width elementor-section-height-default elementor-section-height-default\" data-id=\"42b7346\" data-element_type=\"section\" data-settings=\"{&quot;stretch_section&quot;:&quot;section-stretched&quot;,&quot;background_background&quot;:&quot;classic&quot;}\">\n\t\t\t\t\t\t<div class=\"elementor-container elementor-column-gap-default\">\n\t\t\t\t\t<div class=\"elementor-column elementor-col-100 elementor-top-column elementor-element elementor-element-58f52b0\" data-id=\"58f52b0\" data-element_type=\"column\">\n\t\t\t<div class=\"elementor-widget-wrap elementor-element-populated\">\n\t\t\t\t\t\t<div class=\"elementor-element elementor-element-d745839 elementor-widget elementor-widget-image\" data-id=\"d745839\" data-element_type=\"widget\" data-widget_type=\"image.default\">\n\t\t\t\t<div class=\"elementor-widget-container\">\n\t\t\t\t\t\t\t\t\t\t\t\t\t<img decoding=\"async\" width=\"300\" height=\"111\" src=\"https:\/\/adekva.fi\/wp2020\/wp-content\/uploads\/2020\/03\/adekva1234-300x111.png\" class=\"attachment-medium size-medium wp-image-792\" alt=\"\" srcset=\"https:\/\/adekva.fi\/wp2020\/wp-content\/uploads\/2020\/03\/adekva1234-300x111.png 300w, https:\/\/adekva.fi\/wp2020\/wp-content\/uploads\/2020\/03\/adekva1234-1024x379.png 1024w, https:\/\/adekva.fi\/wp2020\/wp-content\/uploads\/2020\/03\/adekva1234-768x284.png 768w, https:\/\/adekva.fi\/wp2020\/wp-content\/uploads\/2020\/03\/adekva1234-1536x569.png 1536w, https:\/\/adekva.fi\/wp2020\/wp-content\/uploads\/2020\/03\/adekva1234.png 1640w\" sizes=\"(max-width: 300px) 100vw, 300px\" \/>\t\t\t\t\t\t\t\t\t\t\t\t\t<\/div>\n\t\t\t\t<\/div>\n\t\t\t\t\t<\/div>\n\t\t<\/div>\n\t\t\t\t\t<\/div>\n\t\t<\/section>\n\t\t\t\t<section class=\"elementor-section elementor-top-section elementor-element elementor-element-2b23e117 elementor-section-content-middle elementor-section-stretched elementor-section-boxed elementor-section-height-default elementor-section-height-default\" data-id=\"2b23e117\" data-element_type=\"section\" data-settings=\"{&quot;stretch_section&quot;:&quot;section-stretched&quot;}\">\n\t\t\t\t\t\t<div class=\"elementor-container elementor-column-gap-default\">\n\t\t\t\t\t<div class=\"elementor-column elementor-col-100 elementor-top-column elementor-element elementor-element-9c8dfda\" data-id=\"9c8dfda\" data-element_type=\"column\">\n\t\t\t<div class=\"elementor-widget-wrap elementor-element-populated\">\n\t\t\t\t\t\t<div class=\"elementor-element elementor-element-368f81b7 elementor-widget__width-initial elementor-widget-mobile__width-initial elementor-widget-tablet__width-initial elementor-widget elementor-widget-text-editor\" data-id=\"368f81b7\" data-element_type=\"widget\" data-widget_type=\"text-editor.default\">\n\t\t\t\t<div class=\"elementor-widget-container\">\n\t\t\t\t\t\t\t<!-- wp:heading {\"level\":1} -->\n<h2>Rekisteri- ja tietosuojaseloste<\/h2>\n<!-- \/wp:heading --><!-- wp:paragraph -->\n<p>T\u00e4m\u00e4 on\u00a0Adekva Tilintarkastus Oy\u00a0henkil\u00f6tietolain (10 ja 24 \u00a7) ja EU:n yleisen tietosuoja-asetuksen (GDPR) mukainen rekisteri- ja tietosuojaseloste. Laadittu\u00a020.02.2018. Viimeisin muutos\u00a022.01.2020.<\/p>\n<!-- \/wp:paragraph --><!-- wp:heading {\"level\":3} -->\n<h5>1. Rekisterinpit\u00e4j\u00e4<\/h5>\n<!-- \/wp:heading --><!-- wp:paragraph -->\n<p>Adekva Tilintarkastus Oy, Uusikatu 58 B , 90100 Oulu<\/p>\n<!-- \/wp:paragraph --><!-- wp:heading {\"level\":3} -->\n<h5>2. Rekisterist\u00e4 vastaava yhteyshenkil\u00f6<\/h5>\n<!-- \/wp:heading --><!-- wp:paragraph -->\n<p>Janne Sepp\u00e4nen, janne.sepp\u00e4nen@adekva.fi, 050 300 3200<\/p>\n<!-- \/wp:paragraph --><!-- wp:heading {\"level\":3} -->\n<h5>3. Rekisterin nimi<\/h5>\n<!-- \/wp:heading --><!-- wp:paragraph  -->\n<p>Yrityksen asiakasrekisteri, markkinointirekisteri, sidosryhm\u00e4rekisteri, verkkopalvelun k\u00e4ytt\u00e4j\u00e4rekisteri, j\u00e4senrekisteri, ty\u00f6ntekij\u00e4rekisteri tms.<\/p>\n<!-- \/wp:paragraph --><!-- wp:heading {\"level\":3} -->\n<h5>4. Oikeusperuste ja henkil\u00f6tietojen k\u00e4sittelyn tarkoitus<\/h5>\n<!-- \/wp:heading --><!-- wp:paragraph  -->\n<p>EU:n yleisen tietosuoja-asetuksen mukainen oikeusperuste henkil\u00f6tietojen k\u00e4sittelylle on<br \/>&#8211; henkil\u00f6n suostumus (dokumentoitu, vapaaehtoinen, yksil\u00f6ity, tietoinen ja yksiselitteinen)<br \/>&#8211; sopimus, jossa rekister\u00f6ity on osapuolena<br \/>&#8211; laki (mik\u00e4)<br \/>&#8211; julkisen teht\u00e4v\u00e4n hoitaminen (mihin perustuu), tai<br \/>&#8211; rekisterinpit\u00e4j\u00e4n oikeutettu etu (esim. asiakassuhde, ty\u00f6suhde, j\u00e4senyys).<\/p>\n<!-- \/wp:paragraph --><!-- wp:paragraph -->\n<p>Henkil\u00f6tietojen k\u00e4sittelyn tarkoitus on\u00a0yhteydenpito asiakkaisiin, asiakassuhteen yll\u00e4pito, markkinointi tms.<\/p>\n<!-- \/wp:paragraph --><!-- wp:paragraph -->\n<p>Tietoja ei k\u00e4ytet\u00e4 automatisoituun p\u00e4\u00e4t\u00f6ksentekoon tai profilointiin.\u00a0<\/p>\n<!-- \/wp:paragraph --><!-- wp:heading {\"level\":3} -->\n<h5>5. Rekisterin tietosis\u00e4lt\u00f6<\/h5>\n<!-- \/wp:heading --><!-- wp:paragraph -->\n<p>Rekisteriin tallennettavia tietoja ovat:\u00a0henkil\u00f6n nimi, yritys\/organisaatio, yhteystiedot (puhelinnumero, s\u00e4hk\u00f6postiosoite, osoite), www-sivustojen osoitteet, verkkoyhteyden IP-osoite, tunnukset\/profiilit sosiaalisen median palveluissa, tiedot tilatuista palveluista ja niiden muutoksista, laskutustiedot, muut asiakassuhteeseen ja tilattuihin palveluihin liittyv\u00e4t tiedot.<\/p>\n<!-- \/wp:paragraph --><!-- wp:heading {\"level\":3} -->\n<h5>6. S\u00e4\u00e4nn\u00f6nmukaiset tietol\u00e4hteet<\/h5>\n<!-- \/wp:heading --><!-- wp:paragraph -->\n<p>Rekisteriin tallennettavat tiedot saadaan asiakkaalta mm. www-lomakkeilla l\u00e4hetetyist\u00e4 viesteist\u00e4, s\u00e4hk\u00f6postitse, puhelimitse, sosiaalisen median palvelujen kautta, sopimuksista, asiakastapaamisista ja muista tilanteista, joissa asiakas luovuttaa tietojaan.<\/p>\n<!-- \/wp:paragraph --><!-- wp:heading {\"level\":3} -->\n<h5>7. Tietojen s\u00e4\u00e4nn\u00f6nmukaiset luovutukset ja tietojen siirto EU:n tai ETA:n ulkopuolelle<\/h5>\n<!-- \/wp:heading --><!-- wp:paragraph -->\n<p>Tietoja ei luovuteta s\u00e4\u00e4nn\u00f6nmukaisesti muille tahoille. Tietoja voidaan julkaista silt\u00e4 osin kuin niin on sovittu asiakkaan kanssa.<\/p>\n<!-- \/wp:paragraph --><!-- wp:paragraph -->\n<p>Tietoja voidaan siirt\u00e4\u00e4 rekisterinpit\u00e4j\u00e4n toimesta my\u00f6s EU:n tai ETA:n ulkopuolelle.<\/p>\n<!-- \/wp:paragraph --><!-- wp:paragraph  -->\n<p>Mik\u00e4li luovutat henkil\u00f6tietoja eri tahoille, kerro t\u00e4ss\u00e4 mahdolliset vastaanottajat tai vastaanottajaryhm\u00e4t.<\/p>\n<!-- \/wp:paragraph --><!-- wp:heading {\"level\":3} -->\n<h5>8. Rekisterin suojauksen periaatteet<\/h5>\n<!-- \/wp:heading --><!-- wp:paragraph -->\n<p>Rekisterin k\u00e4sittelyss\u00e4 noudatetaan huolellisuutta ja tietoj\u00e4rjestelmien avulla k\u00e4sitelt\u00e4v\u00e4t tiedot suojataan asianmukaisesti. Kun rekisteritietoja s\u00e4ilytet\u00e4\u00e4n Internet-palvelimilla, niiden laitteiston fyysisest\u00e4 ja digitaalisesta tietoturvasta huolehditaan asiaankuuluvasti. Rekisterinpit\u00e4j\u00e4 huolehtii siit\u00e4, ett\u00e4 tallennettuja tietoja sek\u00e4 palvelimien k\u00e4ytt\u00f6oikeuksia ja muita henkil\u00f6tietojen turvallisuuden kannalta kriittisi\u00e4 tietoja k\u00e4sitell\u00e4\u00e4n luottamuksellisesti ja vain niiden ty\u00f6ntekij\u00f6iden toimesta, joiden ty\u00f6nkuvaan se kuuluu.<\/p>\n<!-- \/wp:paragraph --><!-- wp:heading {\"level\":3} -->\n<h5>9. Tarkastusoikeus ja oikeus vaatia tiedon korjaamista<\/h5>\n<!-- \/wp:heading --><!-- wp:paragraph -->\n<p>Jokaisella rekisteriss\u00e4 olevalla henkil\u00f6ll\u00e4 on oikeus tarkistaa rekisteriin tallennetut tietonsa ja vaatia mahdollisen virheellisen tiedon korjaamista tai puutteellisen tiedon t\u00e4ydent\u00e4mist\u00e4. Mik\u00e4li henkil\u00f6 haluaa tarkistaa h\u00e4nest\u00e4 tallennetut tiedot tai vaatia niihin oikaisua, pyynt\u00f6 tulee\u00a0l\u00e4hett\u00e4\u00e4 kirjallisesti\u00a0rekisterinpit\u00e4j\u00e4lle. Rekisterinpit\u00e4j\u00e4 voi pyyt\u00e4\u00e4 tarvittaessa pyynn\u00f6n esitt\u00e4j\u00e4\u00e4 todistamaan henkil\u00f6llisyytens\u00e4. Rekisterinpit\u00e4j\u00e4 vastaa asiakkaalle EU:n tietosuoja-asetuksessa s\u00e4\u00e4detyss\u00e4 ajassa (p\u00e4\u00e4s\u00e4\u00e4nt\u00f6isesti kuukauden kuluessa).<\/p>\n<!-- \/wp:paragraph --><!-- wp:heading {\"level\":3} -->\n<h5>10. Muut henkil\u00f6tietojen k\u00e4sittelyyn liittyv\u00e4t oikeudet<\/h5>\n<!-- \/wp:heading --><!-- wp:paragraph -->\n<p>Rekisteriss\u00e4 olevalla henkil\u00f6ll\u00e4 on oikeus pyyt\u00e4\u00e4 h\u00e4nt\u00e4 koskevien henkil\u00f6tietojen poistamiseen rekisterist\u00e4 (&#8221;oikeus tulla unohdetuksi&#8221;). Niin ik\u00e4\u00e4n rekister\u00f6idyill\u00e4 on muut\u00a0<a href=\"http:\/\/eur-lex.europa.eu\/legal-content\/FI\/TXT\/?uri=CELEX%3A32016R0679#d1e2144-1-1\" target=\"_blank\" rel=\"noreferrer noopener\">EU:n yleisen tietosuoja-asetuksen mukaiset oikeudet<\/a>\u00a0kuten henkil\u00f6tietojen k\u00e4sittelyn rajoittaminen tietyiss\u00e4 tilanteissa. Pyynn\u00f6t tulee\u00a0l\u00e4hett\u00e4\u00e4 kirjallisesti\u00a0rekisterinpit\u00e4j\u00e4lle. Rekisterinpit\u00e4j\u00e4 voi pyyt\u00e4\u00e4 tarvittaessa pyynn\u00f6n esitt\u00e4j\u00e4\u00e4 todistamaan henkil\u00f6llisyytens\u00e4. Rekisterinpit\u00e4j\u00e4 vastaa asiakkaalle EU:n tietosuoja-asetuksessa s\u00e4\u00e4detyss\u00e4 ajassa (p\u00e4\u00e4s\u00e4\u00e4nt\u00f6isesti kuukauden kuluessa).<\/p>\n<!-- \/wp:paragraph -->\t\t\t\t\t\t<\/div>\n\t\t\t\t<\/div>\n\t\t\t\t\t<\/div>\n\t\t<\/div>\n\t\t\t\t\t<\/div>\n\t\t<\/section>\n\t\t\t\t<section class=\"elementor-section elementor-top-section elementor-element elementor-element-e13bd98 elementor-section-boxed elementor-section-height-default elementor-section-height-default\" data-id=\"e13bd98\" data-element_type=\"section\" data-settings=\"{&quot;background_background&quot;:&quot;classic&quot;}\">\n\t\t\t\t\t\t<div class=\"elementor-container elementor-column-gap-default\">\n\t\t\t\t\t<div class=\"elementor-column elementor-col-100 elementor-top-column elementor-element elementor-element-da20a6e\" data-id=\"da20a6e\" data-element_type=\"column\">\n\t\t\t<div class=\"elementor-widget-wrap elementor-element-populated\">\n\t\t\t\t\t\t<div class=\"elementor-element elementor-element-5ab8dff elementor-widget elementor-widget-text-editor\" data-id=\"5ab8dff\" data-element_type=\"widget\" data-widget_type=\"text-editor.default\">\n\t\t\t\t<div class=\"elementor-widget-container\">\n\t\t\t\t\t\t\t<p style=\"text-align: center;\"><span style=\"color: #000000;\">Adekva Tilintarkastus Oy Uusikatu 58 B, 90100 Oulu \u2022 Puh. 0207 430 870\u00a0<\/span><\/p>\n<p style=\"text-align: center;\"><span style=\"color: #000000;\">Copyright \u00a9 Adekva Tilintarkastus Oy 2020<\/span><\/p>\t\t\t\t\t\t<\/div>\n\t\t\t\t<\/div>\n\t\t\t\t\t<\/div>\n\t\t<\/div>\n\t\t\t\t\t<\/div>\n\t\t<\/section>\n\t\t\t\t<\/div>\n\t\t","protected":false},"excerpt":{"rendered":"<p>Rekisteri- ja tietosuojaseloste T\u00e4m\u00e4 on\u00a0Adekva Tilintarkastus Oy\u00a0henkil\u00f6tietolain (10 ja 24 \u00a7) ja EU:n yleisen tietosuoja-asetuksen (GDPR) mukainen rekisteri- ja tietosuojaseloste. Laadittu\u00a020.02.2018. Viimeisin muutos\u00a022.01.2020. 1. Rekisterinpit\u00e4j\u00e4 Adekva Tilintarkastus Oy, Uusikatu 58 B , 90100 Oulu 2. Rekisterist\u00e4 vastaava yhteyshenkil\u00f6 Janne Sepp\u00e4nen, janne.sepp\u00e4nen@adekva.fi, 050 300 3200 3. Rekisterin nimi Yrityksen asiakasrekisteri, markkinointirekisteri, sidosryhm\u00e4rekisteri, verkkopalvelun k\u00e4ytt\u00e4j\u00e4rekisteri, j\u00e4senrekisteri, ty\u00f6ntekij\u00e4rekisteri [&hellip;]<\/p>\n","protected":false},"author":1,"featured_media":0,"parent":0,"menu_order":0,"comment_status":"closed","ping_status":"closed","template":"siteorigin-page.php","meta":{"footnotes":""},"_links":{"self":[{"href":"https:\/\/adekva.fi\/index.php\/wp-json\/wp\/v2\/pages\/633"}],"collection":[{"href":"https:\/\/adekva.fi\/index.php\/wp-json\/wp\/v2\/pages"}],"about":[{"href":"https:\/\/adekva.fi\/index.php\/wp-json\/wp\/v2\/types\/page"}],"author":[{"embeddable":true,"href":"https:\/\/adekva.fi\/index.php\/wp-json\/wp\/v2\/users\/1"}],"replies":[{"embeddable":true,"href":"https:\/\/adekva.fi\/index.php\/wp-json\/wp\/v2\/comments?post=633"}],"version-history":[{"count":54,"href":"https:\/\/adekva.fi\/index.php\/wp-json\/wp\/v2\/pages\/633\/revisions"}],"predecessor-version":[{"id":800,"href":"https:\/\/adekva.fi\/index.php\/wp-json\/wp\/v2\/pages\/633\/revisions\/800"}],"wp:attachment":[{"href":"https:\/\/adekva.fi\/index.php\/wp-json\/wp\/v2\/media?parent=633"}],"curies":[{"name":"wp","href":"https:\/\/api.w.org\/{rel}","templated":true}]}}