{"id":65,"date":"2020-01-13T10:59:57","date_gmt":"2020-01-13T08:59:57","guid":{"rendered":"http:\/\/adekva.fi\/wp2020\/?page_id=65"},"modified":"2024-03-20T10:06:29","modified_gmt":"2024-03-20T08:06:29","slug":"homepage","status":"publish","type":"page","link":"https:\/\/adekva.fi\/","title":{"rendered":"Homepage"},"content":{"rendered":"\t\t<div data-elementor-type=\"wp-page\" data-elementor-id=\"65\" class=\"elementor elementor-65\">\n\t\t\t\t\t\t<section class=\"elementor-section elementor-top-section elementor-element elementor-element-e9b1446 elementor-section-stretched elementor-section-full_width elementor-section-height-default elementor-section-height-default\" data-id=\"e9b1446\" data-element_type=\"section\" data-settings=\"{&quot;stretch_section&quot;:&quot;section-stretched&quot;,&quot;background_background&quot;:&quot;gradient&quot;}\">\n\t\t\t\t\t\t<div class=\"elementor-container elementor-column-gap-default\">\n\t\t\t\t\t<div class=\"elementor-column elementor-col-100 elementor-top-column elementor-element elementor-element-3663573\" data-id=\"3663573\" data-element_type=\"column\" data-settings=\"{&quot;background_background&quot;:&quot;classic&quot;}\">\n\t\t\t<div class=\"elementor-widget-wrap elementor-element-populated\">\n\t\t\t\t\t\t<div class=\"elementor-element elementor-element-3bd19e7 elementor-widget elementor-widget-image\" data-id=\"3bd19e7\" data-element_type=\"widget\" data-widget_type=\"image.default\">\n\t\t\t\t<div class=\"elementor-widget-container\">\n\t\t\t\t\t\t\t\t\t\t\t\t\t<img decoding=\"async\" width=\"300\" height=\"111\" src=\"https:\/\/adekva.fi\/wp2020\/wp-content\/uploads\/2020\/03\/adekva1234-300x111.png\" class=\"attachment-medium size-medium wp-image-792\" alt=\"\" srcset=\"https:\/\/adekva.fi\/wp2020\/wp-content\/uploads\/2020\/03\/adekva1234-300x111.png 300w, https:\/\/adekva.fi\/wp2020\/wp-content\/uploads\/2020\/03\/adekva1234-1024x379.png 1024w, https:\/\/adekva.fi\/wp2020\/wp-content\/uploads\/2020\/03\/adekva1234-768x284.png 768w, https:\/\/adekva.fi\/wp2020\/wp-content\/uploads\/2020\/03\/adekva1234-1536x569.png 1536w, https:\/\/adekva.fi\/wp2020\/wp-content\/uploads\/2020\/03\/adekva1234.png 1640w\" sizes=\"(max-width: 300px) 100vw, 300px\" \/>\t\t\t\t\t\t\t\t\t\t\t\t\t<\/div>\n\t\t\t\t<\/div>\n\t\t\t\t\t<\/div>\n\t\t<\/div>\n\t\t\t\t\t<\/div>\n\t\t<\/section>\n\t\t\t\t<section class=\"elementor-section elementor-top-section elementor-element elementor-element-3c180c3 elementor-section-stretched elementor-section-full_width elementor-section-height-min-height elementor-section-content-middle elementor-section-height-default elementor-section-items-middle\" data-id=\"3c180c3\" data-element_type=\"section\" data-settings=\"{&quot;stretch_section&quot;:&quot;section-stretched&quot;}\">\n\t\t\t\t\t\t<div class=\"elementor-container elementor-column-gap-no\">\n\t\t\t\t\t<div class=\"elementor-column elementor-col-50 elementor-top-column elementor-element elementor-element-d448f71\" data-id=\"d448f71\" data-element_type=\"column\">\n\t\t\t<div class=\"elementor-widget-wrap elementor-element-populated\">\n\t\t\t\t\t\t<div class=\"elementor-element elementor-element-3e62b59 elementor-widget__width-inherit elementor-widget elementor-widget-text-editor\" data-id=\"3e62b59\" data-element_type=\"widget\" data-widget_type=\"text-editor.default\">\n\t\t\t\t<div class=\"elementor-widget-container\">\n\t\t\t\t\t\t\t<h4><strong>Adekva Tilintarkastus Oy<\/strong><\/h4><p>Adekvan toiminta perustuu hyv\u00e4\u00e4n tilintarkastustapaan, riippumattomuuteen ja luottamuksellisuuteen.<\/p><p>Asiakassuhteissa keskeisen\u00e4 toiminta-ajatuksena on toimiminen yrityksen johdon keskustelukumppanina, asiakkaan tarpeiden huomioiminen ja liiketoiminnan ymm\u00e4rt\u00e4minen.<\/p><p>Tilintarkastajien keskeinen teht\u00e4v\u00e4 on varmistaa, ett\u00e4 yrityksen tilinp\u00e4\u00e4t\u00f6s t\u00e4ytt\u00e4\u00e4 lakis\u00e4\u00e4teiset vaatimukset.<\/p><p>Tavoitteenamme on lakis\u00e4\u00e4teisen tilintarkastuksen ohella tuottaa arvokasta informaatiota yrityksen johdolle p\u00e4\u00e4t\u00f6ksenteon ja liiketoiminnan suunnittelun tueksi. L\u00e4ht\u00f6kohtana on asiakkaan liiketoiminnan ymm\u00e4rt\u00e4minen. Vain siten on mahdollista ottaa huomioon asiakkaan yksil\u00f6lliset tarpeet.<\/p>\t\t\t\t\t\t<\/div>\n\t\t\t\t<\/div>\n\t\t\t\t<div class=\"elementor-element elementor-element-6d9c22e elementor-widget__width-initial elementor-widget elementor-widget-text-editor\" data-id=\"6d9c22e\" data-element_type=\"widget\" data-widget_type=\"text-editor.default\">\n\t\t\t\t<div class=\"elementor-widget-container\">\n\t\t\t\t\t\t\t<h5><span style=\"color: #000000;\">Lakis\u00e4\u00e4teisen tilintarkastuksen lis\u00e4ksi tarjoamme mm.<\/span><\/h5>\n<ul>\n \t<li><span style=\"color: #000000; font-family: Arial, sans-serif; letter-spacing: 0.2px;\">Erityistilintarkastukset<\/span><\/li>\n \t<li><span style=\"color: #000000; font-family: Arial, sans-serif; letter-spacing: 0.2px;\">Omistus- ja rakennej\u00e4rjestelyt<\/span><\/li>\n \t<li><span style=\"color: #000000; font-family: Arial, sans-serif; letter-spacing: 0.2px;\">Sukupolvenvaihdokset<\/span><\/li>\n \t<li><span style=\"color: #000000; font-family: Arial, sans-serif; letter-spacing: 0.2px;\">Due diligence-prosessit<\/span><\/li>\n \t<li><span style=\"color: #000000; font-family: Arial, sans-serif; letter-spacing: 0.2px;\">Yritysj\u00e4rjestelyihin liittyv\u00e4t selvitykset<\/span><\/li>\n \t<li><span style=\"color: #000000; font-family: Arial, sans-serif; letter-spacing: 0.2px;\">Koulutus<\/span><\/li>\n \t<li><span style=\"color: #000000; font-family: Arial, sans-serif; letter-spacing: 0.2px;\">Veroneuvonta<\/span><\/li>\n \t<li><span style=\"color: #000000; font-family: Arial, sans-serif; letter-spacing: 0.2px;\">Muut alaan liittyv\u00e4t asiantuntijapalvelut<\/span><\/li>\n<\/ul>\t\t\t\t\t\t<\/div>\n\t\t\t\t<\/div>\n\t\t\t\t<div class=\"elementor-element elementor-element-45dda06 elementor-widget__width-initial elementor-widget elementor-widget-wp-widget-wpforms-widget\" data-id=\"45dda06\" data-element_type=\"widget\" id=\"wp-form\" data-widget_type=\"wp-widget-wpforms-widget.default\">\n\t\t\t\t<div class=\"elementor-widget-container\">\n\t\t\t<h5>Yhteydenotto<\/h5><div class=\"wpforms-container wpforms-container-full\" id=\"wpforms-116\"><form id=\"wpforms-form-116\" class=\"wpforms-validate wpforms-form\" data-formid=\"116\" method=\"post\" enctype=\"multipart\/form-data\" action=\"\/index.php\/wp-json\/wp\/v2\/pages\/65\" data-token=\"c194b29f78d4e2d1472e07480da7c9ed\"><noscript class=\"wpforms-error-noscript\">Please enable JavaScript in your browser to complete this form.<\/noscript><div class=\"wpforms-field-container\"><div id=\"wpforms-116-field_0-container\" class=\"wpforms-field wpforms-field-name\" data-field-id=\"0\"><label class=\"wpforms-field-label\" for=\"wpforms-116-field_0\">Nimi <span class=\"wpforms-required-label\">*<\/span><\/label><input type=\"text\" id=\"wpforms-116-field_0\" class=\"wpforms-field-large wpforms-field-required\" name=\"wpforms[fields][0]\" required><\/div><div id=\"wpforms-116-field_1-container\" class=\"wpforms-field wpforms-field-email\" data-field-id=\"1\"><label class=\"wpforms-field-label\" for=\"wpforms-116-field_1\">S\u00e4hk\u00f6posti <span class=\"wpforms-required-label\">*<\/span><\/label><input type=\"email\" id=\"wpforms-116-field_1\" class=\"wpforms-field-large wpforms-field-required\" name=\"wpforms[fields][1]\" spellcheck=\"false\" required><\/div><div id=\"wpforms-116-field_3-container\" class=\"wpforms-field wpforms-field-name\" data-field-id=\"3\"><label class=\"wpforms-field-label\" for=\"wpforms-116-field_3\">Yritys<\/label><input type=\"text\" id=\"wpforms-116-field_3\" class=\"wpforms-field-large\" name=\"wpforms[fields][3]\" ><\/div><div id=\"wpforms-116-field_4-container\" class=\"wpforms-field wpforms-field-text\" data-field-id=\"4\"><label class=\"wpforms-field-label\" for=\"wpforms-116-field_4\">Viesti<\/label><input type=\"text\" id=\"wpforms-116-field_4\" class=\"wpforms-field-large\" name=\"wpforms[fields][4]\" ><\/div><\/div><!-- .wpforms-field-container --><div class=\"wpforms-field wpforms-field-hp\"><label for=\"wpforms-116-field-hp\" class=\"wpforms-field-label\">Message<\/label><input type=\"text\" name=\"wpforms[hp]\" id=\"wpforms-116-field-hp\" class=\"wpforms-field-medium\"><\/div><div class=\"wpforms-submit-container\" ><input type=\"hidden\" name=\"wpforms[id]\" value=\"116\"><input type=\"hidden\" name=\"wpforms[author]\" value=\"1\"><button type=\"submit\" name=\"wpforms[submit]\" id=\"wpforms-submit-116\" class=\"wpforms-submit\" data-alt-text=\"L\u00e4hetet\u00e4\u00e4n...\" data-submit-text=\"L\u00e4het\u00e4\" aria-live=\"assertive\" value=\"wpforms-submit\">L\u00e4het\u00e4<\/button><\/div><\/form><\/div>  <!-- .wpforms-container -->\t\t<\/div>\n\t\t\t\t<\/div>\n\t\t\t\t\t<\/div>\n\t\t<\/div>\n\t\t\t\t<section class=\"elementor-column elementor-col-50 elementor-top-column elementor-element elementor-element-c83c564\" data-id=\"c83c564\" data-element_type=\"column\" data-settings=\"{&quot;background_background&quot;:&quot;classic&quot;}\">\n\t\t\t<div class=\"elementor-widget-wrap elementor-element-populated\">\n\t\t\t\t\t<div class=\"elementor-background-overlay\"><\/div>\n\t\t\t\t\t\t<div class=\"elementor-element elementor-element-8c09e7e elementor-widget__width-inherit elementor-widget elementor-widget-sidebar\" data-id=\"8c09e7e\" data-element_type=\"widget\" data-widget_type=\"sidebar.default\">\n\t\t\t\t<div class=\"elementor-widget-container\">\n\t\t\t<div class=\"sidebar-inner-widget\">\t\t\t<div class=\"textwidget\"><p class=\"otsikko\"><strong>Yhteystiedot<\/strong><\/p>\n<p class=\"leipis\">Adekvan tilintarkastajat ovat helposti tavoitettavissa. Ota yhteytt\u00e4 puhelimitse tai s\u00e4hk\u00f6postilla ja sovi tapaamisesta.<\/p>\n<p class=\"leipis\">Adekva Tilintarkastus Oy<br \/>\nUusikatu 58 B<br \/>\n90100 OULU<br \/>\nPuh. 0207 430 870<br \/>\n<a href=\"https:\/\/maps.app.goo.gl\/xLWvUb1XxE7LAizd9\" target=\"_blank\" rel=\"noopener\">Sijainti kartalla<\/a><\/p>\n<p class=\"leipis\"><a href=\"mailto:info@adekva.fi\">info@adekva.fi<\/a><br \/>\netunimi.sukunimi@adekva.fi<\/p>\n<p class=\"leipis\">Timo Ollila<br \/>\nKHT<br \/>\npuh. 0400 696 903<\/p>\n<p class=\"leipis\">Janne Sepp\u00e4nen<br \/>\nHT<br \/>\npuh. 050 300 3200<\/p>\n<p class=\"leipis\">Juha Pesola<br \/>\nKHT<br \/>\npuh. 041 445 6019<\/p>\n<p class=\"leipis\">Aleksi Tyni<br \/>\nHT<br \/>\npuh. 0400 176 884<\/p>\n<\/div>\n\t\t<\/div><div class=\"clearfix\"><\/div>\t\t<\/div>\n\t\t\t\t<\/div>\n\t\t\t\t\t<\/div>\n\t\t<\/section>\n\t\t\t\t\t<\/div>\n\t\t<\/section>\n\t\t\t\t<section class=\"elementor-section elementor-top-section elementor-element elementor-element-302e0b1 elementor-section-stretched elementor-section-full_width elementor-section-height-default elementor-section-height-default\" data-id=\"302e0b1\" data-element_type=\"section\" data-settings=\"{&quot;stretch_section&quot;:&quot;section-stretched&quot;,&quot;background_background&quot;:&quot;classic&quot;}\">\n\t\t\t\t\t\t<div class=\"elementor-container elementor-column-gap-default\">\n\t\t\t\t\t<div class=\"elementor-column elementor-col-100 elementor-top-column elementor-element elementor-element-6102188\" data-id=\"6102188\" data-element_type=\"column\">\n\t\t\t<div class=\"elementor-widget-wrap elementor-element-populated\">\n\t\t\t\t\t\t<div class=\"elementor-element elementor-element-d697f94 elementor-widget elementor-widget-text-editor\" data-id=\"d697f94\" data-element_type=\"widget\" data-widget_type=\"text-editor.default\">\n\t\t\t\t<div class=\"elementor-widget-container\">\n\t\t\t\t\t\t\t<p style=\"text-align: center;\"><span style=\"color: #000000;\">Adekva Tilintarkastus Oy Uusikatu 58 B, 90100 Oulu \u2022 Puh. 0207 430 870\u00a0<\/span><\/p><p style=\"text-align: center;\"><span style=\"color: #000000;\"><a style=\"color: #000000;\" href=\"https:\/\/adekva.fi\/index.php\/tietosuojaseloste\/\">Tietosuojaseloste <\/a>|\u00a0 Copyright \u00a9 Adekva Tilintarkastus Oy 2020<\/span><\/p>\t\t\t\t\t\t<\/div>\n\t\t\t\t<\/div>\n\t\t\t\t\t<\/div>\n\t\t<\/div>\n\t\t\t\t\t<\/div>\n\t\t<\/section>\n\t\t\t\t<\/div>\n\t\t","protected":false},"excerpt":{"rendered":"<p>Adekva Tilintarkastus Oy Adekvan toiminta perustuu hyv\u00e4\u00e4n tilintarkastustapaan, riippumattomuuteen ja luottamuksellisuuteen. Asiakassuhteissa keskeisen\u00e4 toiminta-ajatuksena on toimiminen yrityksen johdon keskustelukumppanina, asiakkaan tarpeiden huomioiminen ja liiketoiminnan ymm\u00e4rt\u00e4minen. Tilintarkastajien keskeinen teht\u00e4v\u00e4 on varmistaa, ett\u00e4 yrityksen tilinp\u00e4\u00e4t\u00f6s t\u00e4ytt\u00e4\u00e4 lakis\u00e4\u00e4teiset vaatimukset. Tavoitteenamme on lakis\u00e4\u00e4teisen tilintarkastuksen ohella tuottaa arvokasta informaatiota yrityksen johdolle p\u00e4\u00e4t\u00f6ksenteon ja liiketoiminnan suunnittelun tueksi. L\u00e4ht\u00f6kohtana on asiakkaan liiketoiminnan [&hellip;]<\/p>\n","protected":false},"author":1,"featured_media":0,"parent":0,"menu_order":0,"comment_status":"closed","ping_status":"closed","template":"siteorigin-page.php","meta":{"footnotes":""},"_links":{"self":[{"href":"https:\/\/adekva.fi\/index.php\/wp-json\/wp\/v2\/pages\/65"}],"collection":[{"href":"https:\/\/adekva.fi\/index.php\/wp-json\/wp\/v2\/pages"}],"about":[{"href":"https:\/\/adekva.fi\/index.php\/wp-json\/wp\/v2\/types\/page"}],"author":[{"embeddable":true,"href":"https:\/\/adekva.fi\/index.php\/wp-json\/wp\/v2\/users\/1"}],"replies":[{"embeddable":true,"href":"https:\/\/adekva.fi\/index.php\/wp-json\/wp\/v2\/comments?post=65"}],"version-history":[{"count":296,"href":"https:\/\/adekva.fi\/index.php\/wp-json\/wp\/v2\/pages\/65\/revisions"}],"predecessor-version":[{"id":802,"href":"https:\/\/adekva.fi\/index.php\/wp-json\/wp\/v2\/pages\/65\/revisions\/802"}],"wp:attachment":[{"href":"https:\/\/adekva.fi\/index.php\/wp-json\/wp\/v2\/media?parent=65"}],"curies":[{"name":"wp","href":"https:\/\/api.w.org\/{rel}","templated":true}]}}